{"id":2804,"date":"2018-04-19T09:56:30","date_gmt":"2018-04-19T09:56:30","guid":{"rendered":"http:\/\/www.punda.fi\/clients\/15107MK00001verkkosivut\/?page_id=2804"},"modified":"2019-03-12T15:26:26","modified_gmt":"2019-03-12T15:26:26","slug":"evasteet","status":"publish","type":"page","link":"https:\/\/www.punda.fi\/fi\/evasteet\/","title":{"rendered":"Ev\u00e4steet"},"content":{"rendered":"<p><div class=\"fusion-fullwidth fullwidth-box fusion-builder-row-1 nonhundred-percent-fullwidth non-hundred-percent-height-scrolling\" style=\"--awb-border-radius-top-left:0px;--awb-border-radius-top-right:0px;--awb-border-radius-bottom-right:0px;--awb-border-radius-bottom-left:0px;\" ><div class=\"fusion-builder-row fusion-row\"><div class=\"fusion-layout-column fusion_builder_column fusion-builder-column-0 fusion_builder_column_1_1 1_1 fusion-one-full fusion-column-first fusion-column-last\" style=\"--awb-bg-size:cover;\"><div class=\"fusion-column-wrapper fusion-flex-column-wrapper-legacy\"><div class=\"fusion-image-element fusion-image-align-center in-legacy-container\" style=\"text-align:center;--awb-caption-title-font-family:var(--h2_typography-font-family);--awb-caption-title-font-weight:var(--h2_typography-font-weight);--awb-caption-title-font-style:var(--h2_typography-font-style);--awb-caption-title-size:var(--h2_typography-font-size);--awb-caption-title-transform:var(--h2_typography-text-transform);--awb-caption-title-line-height:var(--h2_typography-line-height);--awb-caption-title-letter-spacing:var(--h2_typography-letter-spacing);\"><div class=\"imageframe-align-center\"><span class=\" fusion-imageframe imageframe-none imageframe-1 hover-type-none\" class=\"image-magnify\" class=\"image-scroll\"><img decoding=\"async\" src=\"http:\/\/www.punda.fi\/clients\/15107MK00001verkkosivut\/wp-content\/uploads\/2018\/02\/Punda-pinch-black-95px.svg\" alt class=\"img-responsive\"\/><\/span><\/div><\/div><div class=\"fusion-sep-clear\"><\/div><div class=\"fusion-separator fusion-full-width-sep\" style=\"margin-left: auto;margin-right: auto;margin-top:10px;margin-bottom:10px;width:100%;\"><\/div><div class=\"fusion-sep-clear\"><\/div><div class=\"fusion-title title fusion-title-1 fusion-sep-none fusion-title-center fusion-title-text fusion-title-size-two\"><h2 class=\"title-heading-center fusion-responsive-typography-calculated\" style=\"margin:0;--fontSize:60;line-height:1.17;\"><h3 style=\"text-align: center;\">Sivujen ev\u00e4steet ja k\u00e4ytt\u00f6tiedot<\/h3><\/h2><\/div><div class=\"fusion-text fusion-text-1\"><h4 style=\"text-align: center;\">Ev\u00e4steiden ja k\u00e4ytt\u00f6tietojen avulla toivomme voivamme kehitt\u00e4\u00e4 palvelujamme sinun ja muiden sivuston k\u00e4ytt\u00e4jien mieltymysten mukaisesti.<\/h4>\n<\/div><div class=\"fusion-sep-clear\"><\/div><div class=\"fusion-separator fusion-full-width-sep\" style=\"margin-left: auto;margin-right: auto;margin-bottom:30px;width:100%;\"><div class=\"fusion-separator-border sep-single sep-solid\" style=\"--awb-height:20px;--awb-amount:20px;--awb-sep-color:#000000;border-color:#000000;border-top-width:1px;\"><\/div><\/div><div class=\"fusion-sep-clear\"><\/div><div class=\"fusion-clearfix\"><\/div><\/div><\/div><\/div><\/div><div class=\"fusion-fullwidth fullwidth-box fusion-builder-row-2 nonhundred-percent-fullwidth non-hundred-percent-height-scrolling\" style=\"--awb-border-radius-top-left:0px;--awb-border-radius-top-right:0px;--awb-border-radius-bottom-right:0px;--awb-border-radius-bottom-left:0px;\" ><div class=\"fusion-builder-row fusion-row\"><div class=\"fusion-layout-column fusion_builder_column fusion-builder-column-1 fusion_builder_column_1_1 1_1 fusion-one-full fusion-column-first fusion-column-last\" style=\"--awb-bg-size:cover;\"><div class=\"fusion-column-wrapper fusion-flex-column-wrapper-legacy\"><div class=\"fusion-title title fusion-title-2 fusion-sep-none fusion-title-text fusion-title-size-one\"><h1 class=\"title-heading-left fusion-responsive-typography-calculated\" style=\"margin:0;--fontSize:84;line-height:1.4;\"><h5 style=\"text-align: left;\"><strong>Ev\u00e4ste<\/strong><\/h5><\/h1><\/div><div class=\"fusion-text fusion-text-2\"><p>Ev\u00e4ste (eng. Cookie) on pieni tekstitiedosto, jonka selain tallentaa k\u00e4ytt\u00e4j\u00e4n laitteelle sivustolla vieraillessa. Ev\u00e4steet sis\u00e4lt\u00e4v\u00e4t yksil\u00f6llisen tunnisteen, jonka avulla k\u00e4ytt\u00e4j\u00e4n p\u00e4\u00e4telaite voidaan tunnistaa. Sivusto saa k\u00e4ytt\u00f6\u00f6ns\u00e4 n\u00e4m\u00e4 tallentamansa tiedot kun k\u00e4ytt\u00e4j\u00e4 liikkuu sivustolla tai palaa sinne uudestaan.<\/p>\n<\/div><div class=\"fusion-title title fusion-title-3 fusion-sep-none fusion-title-text fusion-title-size-one\"><h1 class=\"title-heading-left fusion-responsive-typography-calculated\" style=\"margin:0;--fontSize:84;line-height:1.4;\"><h5 style=\"text-align: left;\"><strong>K\u00e4ytt\u00f6tietojen analysointi<\/strong><\/h5><\/h1><\/div><div class=\"fusion-text fusion-text-3\"><p>Ev\u00e4steiden avulla ker\u00e4tt\u00e4vi\u00e4 tietoja k\u00e4ytet\u00e4\u00e4n verkkopalvelun k\u00e4ytett\u00e4vyyden ja k\u00e4yt\u00f6n analysoimiseksi, turvallisuuden parantamiseksi, k\u00e4yt\u00f6n seurantaan ja palvelun kehitt\u00e4miseksi. Tietoja voidaan k\u00e4ytt\u00e4\u00e4 my\u00f6s kohdennetun viestinn\u00e4n, mainonnan ja sis\u00e4ll\u00f6n tuottamiseen verkkopalvelussa sek\u00e4 markkinointitoimenpiteiden mittaamisessa ja optimoinnissa.<\/p>\n<p>Brand Agency Pundan verkkopalvelun markkinointiyhteisty\u00f6kumppaneiden ev\u00e4steet mahdollistavat markkinoinnin kohdentamisen ja mittaamisen my\u00f6s muiden markkinointiyhteisty\u00f6h\u00f6n osallistuvien yritysten internetsivustoilla niin kutsutussa mainosverkostossa.<\/p>\n<\/div><div class=\"fusion-title title fusion-title-4 fusion-sep-none fusion-title-text fusion-title-size-one\"><h1 class=\"title-heading-left fusion-responsive-typography-calculated\" style=\"margin:0;--fontSize:84;line-height:1.4;\"><h5 style=\"text-align: left;\"><strong>Tallennamme k\u00e4ytt\u00e4jist\u00e4 seuraavia tietoja:<\/strong><\/h5><\/h1><\/div><div class=\"fusion-text fusion-text-4\"><p>IP-osoite, selaintyyppi, k\u00e4ytt\u00f6j\u00e4rjestelm\u00e4, tulo- ja l\u00e4ht\u00f6sivut, palveluntarjoaja, p\u00e4iv\u00e4m\u00e4\u00e4r\u00e4- ja aikatiedot. K\u00e4ytt\u00e4j\u00e4\u00e4 ei voida tunnistaa pelkkien ev\u00e4steiden avulla, ellei sivuston k\u00e4ytt\u00e4j\u00e4 nimenomaisesti itse anna tietoja, kirjoittamalla esimerkiksi omaa nime\u00e4, s\u00e4hk\u00f6postiosoitetta, koti- tai ty\u00f6osoitetta tai puhelinnumeroa. Sivusto ei esimerkiksi voi p\u00e4\u00e4tell\u00e4 k\u00e4ytt\u00e4j\u00e4n s\u00e4hk\u00f6postiosoitetta, ellei h\u00e4n ole sit\u00e4 sinne antanut. Sivusto ei p\u00e4\u00e4se my\u00f6sk\u00e4\u00e4n k\u00e4siksi muihin k\u00e4ytt\u00e4j\u00e4n tietokoneelta l\u00f6ytyviin tietoihin.<\/p>\n<\/div><div class=\"fusion-title title fusion-title-5 fusion-sep-none fusion-title-text fusion-title-size-one\"><h1 class=\"title-heading-left fusion-responsive-typography-calculated\" style=\"margin:0;--fontSize:84;line-height:1.4;\"><h5 style=\"text-align: left;\"><strong>Ev\u00e4steiden hallinnointi <\/strong><\/h5><\/h1><\/div><div class=\"fusion-text fusion-text-5\"><p>Useimmat selaimet hyv\u00e4ksyv\u00e4t todenn\u00e4k\u00f6isesti ev\u00e4steet oletusasetuksin. Ev\u00e4ste voidaan tallentaa k\u00e4ytt\u00e4j\u00e4n laitteelle pysyv\u00e4sti tai se voidaan poistaa palvelun k\u00e4yt\u00f6n j\u00e4lkeen. K\u00e4ytt\u00e4j\u00e4 voi antaa suostumuksensa ev\u00e4steiden k\u00e4yt\u00f6lle tai kielt\u00e4\u00e4 sen selaimensa asetuksista.<\/p>\n<p>Ev\u00e4steiden hyv\u00e4ksyminen ei ole edellytys sivuston k\u00e4yt\u00f6lle, mutta se mahdollistaa paremman selauskokemuksen. Poistettaessa tai estett\u00e4ess\u00e4 ev\u00e4steet, sivusto ei v\u00e4ltt\u00e4m\u00e4tt\u00e4 toimi tarkoitetulla tavalla.<\/p>\n<p>Kunnioitamme sivuston k\u00e4ytt\u00e4jien yksityisyytt\u00e4 ja olemme sitoutuneet huolehtimaan henkil\u00f6tietojen asianmukaisesta, turvallisesta ja luottamuksellisesta k\u00e4sittelyst\u00e4.<\/p>\n<\/div><div class=\"fusion-sep-clear\"><\/div><div class=\"fusion-separator fusion-full-width-sep\" style=\"margin-left: auto;margin-right: auto;margin-top:10px;margin-bottom:10px;width:100%;\"><\/div><div class=\"fusion-sep-clear\"><\/div><div class=\"fusion-clearfix\"><\/div><\/div><\/div><\/div><\/div><div class=\"fusion-bg-parallax\" data-bg-align=\"center center\" data-direction=\"left\" data-mute=\"false\" data-opacity=\"100\" data-velocity=\"-0.7\" data-mobile-enabled=\"false\" data-break_parents=\"0\" data-bg-image=\"http:\/\/www.punda.fi\/clients\/15107MK00001verkkosivut\/wp-content\/uploads\/2018\/02\/Subscribe_Panel_1920x700px-03.jpg\" data-bg-repeat=\"false\" ><\/div><div class=\"fusion-fullwidth fullwidth-box fusion-builder-row-3 fusion-parallax-left hundred-percent-fullwidth non-hundred-percent-height-scrolling\" style=\"--awb-border-radius-top-left:0px;--awb-border-radius-top-right:0px;--awb-border-radius-bottom-right:0px;--awb-border-radius-bottom-left:0px;--awb-padding-top:80px;--awb-padding-bottom:80px;--awb-margin-top:0px;--awb-margin-bottom:0px;--awb-background-image:url(&quot;http:\/\/www.punda.fi\/clients\/15107MK00001verkkosivut\/wp-content\/uploads\/2018\/02\/Subscribe_Panel_1920x700px-03.jpg&quot;);--awb-background-size:cover;\" ><div class=\"fusion-builder-row fusion-row\"><div class=\"fusion-layout-column fusion_builder_column fusion-builder-column-2 fusion_builder_column_1_1 1_1 fusion-one-full fusion-column-first fusion-column-last\" style=\"--awb-padding-right:40px;--awb-padding-left:40px;--awb-bg-position:center center;--awb-bg-size:cover;\"><div class=\"fusion-column-wrapper fusion-flex-column-wrapper-legacy\"><div class=\"fusion-title title fusion-title-6 fusion-sep-none fusion-title-center fusion-title-text fusion-title-size-three\"><h3 class=\"title-heading-center fusion-responsive-typography-calculated\" style=\"margin:0;--fontSize:40;line-height:1.5;\"><h3 style=\"text-align: center;\"><span style=\"color: #ffffff;\">Kumppanuus Pundan kanssa on sitoutunutta yhteisty\u00f6t\u00e4<br \/>\nyrityksen liiketoiminnan kasvun eteen.<\/span><\/h3><\/h3><\/div><div class=\"fusion-sep-clear\"><\/div><div class=\"fusion-separator fusion-full-width-sep\" style=\"margin-left: auto;margin-right: auto;margin-top:20px;margin-bottom:20px;width:100%;\"><\/div><div class=\"fusion-sep-clear\"><\/div><div class=\"fusion-clearfix\"><\/div><\/div><\/div><div class=\"fusion-layout-column fusion_builder_column fusion-builder-column-3 fusion_builder_column_1_6 1_6 fusion-one-sixth fusion-column-first\" style=\"--awb-bg-size:cover;width:16.666666666667%;width:calc(16.666666666667% - ( ( 4% + 4% + 4% ) * 0.16666666666667 ) );margin-right: 4%;\"><div class=\"fusion-column-wrapper fusion-flex-column-wrapper-legacy\"><div class=\"fusion-clearfix\"><\/div><\/div><\/div><div class=\"fusion-layout-column fusion_builder_column fusion-builder-column-4 fusion_builder_column_1_3 1_3 fusion-one-third\" style=\"--awb-padding-right:10px;--awb-padding-left:10px;--awb-bg-size:cover;width:33.333333333333%;width:calc(33.333333333333% - ( ( 4% + 4% + 4% ) * 0.33333333333333 ) );margin-right: 4%;\"><div class=\"fusion-column-wrapper fusion-flex-column-wrapper-legacy\"><div class=\"fusion-aligncenter\"><a class=\"fusion-button button-flat fusion-button-default-size button-custom fusion-button-default button-1 fusion-button-default-span fusion-animated\" style=\"--button_accent_color:#ffffff;--button_accent_hover_color:#ffffff;--button_border_hover_color:#ffffff;--button_border_width-top:1px;--button_border_width-right:1px;--button_border_width-bottom:1px;--button_border_width-left:1px;--button_gradient_top_color:rgba(229,0,131,0);--button_gradient_bottom_color:rgba(229,0,131,0);--button_gradient_top_color_hover:#e50083;--button_gradient_bottom_color_hover:#e50083;\" data-animationType=\"slideInLeft\" data-animationDuration=\"0.3\" data-animationOffset=\"top-into-view\" target=\"_self\" href=\"http:\/\/www.punda.fi\/clients\/15107MK00001verkkosivut\/yhteys\/?lang=fi\"><span class=\"fusion-button-text\">OTA YHTEYTT\u00c4<\/span><\/a><\/div><div class=\"fusion-sep-clear\"><\/div><div class=\"fusion-separator fusion-full-width-sep\" style=\"margin-left: auto;margin-right: auto;margin-top:20px;margin-bottom:20px;width:100%;\"><\/div><div class=\"fusion-sep-clear\"><\/div><div class=\"fusion-clearfix\"><\/div><\/div><\/div><div class=\"fusion-layout-column fusion_builder_column fusion-builder-column-5 fusion_builder_column_1_3 1_3 fusion-one-third\" style=\"--awb-padding-right:10px;--awb-padding-left:10px;--awb-bg-size:cover;width:33.333333333333%;width:calc(33.333333333333% - ( ( 4% + 4% + 4% ) * 0.33333333333333 ) );margin-right: 4%;\"><div class=\"fusion-column-wrapper fusion-flex-column-wrapper-legacy\"><div class=\"fusion-aligncenter\"><a class=\"fusion-button button-flat fusion-button-default-size button-custom fusion-button-default button-2 fusion-button-default-span fusion-animated\" style=\"--button_accent_color:#ffffff;--button_accent_hover_color:#ffffff;--button_border_hover_color:#ffffff;--button_border_width-top:1px;--button_border_width-right:1px;--button_border_width-bottom:1px;--button_border_width-left:1px;--button_gradient_top_color:rgba(229,0,131,0);--button_gradient_bottom_color:rgba(229,0,131,0);--button_gradient_top_color_hover:#e50083;--button_gradient_bottom_color_hover:#e50083;\" data-animationType=\"slideInLeft\" data-animationDuration=\"0.3\" data-animationOffset=\"top-into-view\" target=\"_blank\" rel=\"noopener noreferrer\" href=\"http:\/\/punda.us2.list-manage.com\/subscribe\/post?u=f3360aa681a47e2a7dc057f27&amp;id=50feee3048\"><span class=\"fusion-button-text\">TILAA UUTISKIRJEEMME<\/span><\/a><\/div><div class=\"fusion-sep-clear\"><\/div><div class=\"fusion-separator fusion-full-width-sep\" style=\"margin-left: auto;margin-right: auto;margin-top:20px;margin-bottom:20px;width:100%;\"><\/div><div class=\"fusion-sep-clear\"><\/div><div class=\"fusion-clearfix\"><\/div><\/div><\/div><div class=\"fusion-layout-column fusion_builder_column fusion-builder-column-6 fusion_builder_column_1_6 1_6 fusion-one-sixth fusion-column-last\" style=\"--awb-bg-size:cover;width:16.666666666667%;width:calc(16.666666666667% - ( ( 4% + 4% + 4% ) * 0.16666666666667 ) );\"><div class=\"fusion-column-wrapper fusion-flex-column-wrapper-legacy\"><div class=\"fusion-clearfix\"><\/div><\/div><\/div><\/div><\/div><div class=\"fusion-fullwidth fullwidth-box fusion-builder-row-4 hundred-percent-fullwidth non-hundred-percent-height-scrolling\" style=\"--awb-border-radius-top-left:0px;--awb-border-radius-top-right:0px;--awb-border-radius-bottom-right:0px;--awb-border-radius-bottom-left:0px;--awb-padding-top:70px;--awb-padding-right:100px;--awb-padding-bottom:70px;--awb-padding-left:100px;--awb-margin-top:-20px;--awb-margin-bottom:-70px;--awb-background-color:#282a2b;\" ><div class=\"fusion-builder-row fusion-row\"><div class=\"fusion-layout-column fusion_builder_column fusion-builder-column-7 fusion_builder_column_1_5 1_5 fusion-one-fifth fusion-column-first\" style=\"--awb-bg-size:cover;width:20%;width:calc(20% - ( ( 4% + 4% + 4% + 4% ) * 0.2 ) );margin-right: 4%;\"><div class=\"fusion-column-wrapper fusion-flex-column-wrapper-legacy\"><div class=\"fusion-text fusion-text-6\"><p style=\"text-align: left;\"><span style=\"color: #ffffff;\">Yhteydenotot<\/span><\/p>\n<\/div><div class=\"fusion-text fusion-text-7\"><p><span style=\"color: #ffffff; font-size: 14pt;\">+358 40 676 0379<\/span><\/p>\n<\/div><div class=\"fusion-sep-clear\"><\/div><div class=\"fusion-separator fusion-full-width-sep\" style=\"margin-left: auto;margin-right: auto;margin-top:10px;margin-bottom:10px;width:100%;\"><\/div><div class=\"fusion-sep-clear\"><\/div><div class=\"fusion-sep-clear\"><\/div><div class=\"fusion-separator fusion-full-width-sep\" style=\"margin-left: auto;margin-right: auto;margin-top:10px;margin-bottom:10px;width:100%;\"><\/div><div class=\"fusion-sep-clear\"><\/div><div class=\"fusion-clearfix\"><\/div><\/div><\/div><div class=\"fusion-layout-column fusion_builder_column fusion-builder-column-8 fusion_builder_column_1_5 1_5 fusion-one-fifth\" style=\"--awb-bg-size:cover;width:20%;width:calc(20% - ( ( 4% + 4% + 4% + 4% ) * 0.2 ) );margin-right: 4%;\"><div class=\"fusion-column-wrapper fusion-flex-column-wrapper-legacy\"><div class=\"fusion-text fusion-text-8\"><p style=\"text-align: left;\"><span style=\"color: #ffffff;\">Helsinki<\/span><\/p>\n<\/div><div class=\"fusion-text fusion-text-9\"><p style=\"text-align: left;\"><span style=\"color: #ffffff; font-size: 12pt;\">Ratakatu 1 B A 3<br \/>\n<\/span><span style=\"color: #ffffff; font-size: 12pt;\">FI-00120 Helsinki<br \/>\n<\/span><span style=\"font-size: 12pt;\"><span style=\"color: #ffffff;\">info(a)punda.fi<\/span><\/span><\/p>\n<\/div><div class=\"fusion-sep-clear\"><\/div><div class=\"fusion-separator fusion-full-width-sep\" style=\"margin-left: auto;margin-right: auto;margin-top:10px;margin-bottom:10px;width:100%;\"><\/div><div class=\"fusion-sep-clear\"><\/div><div class=\"fusion-clearfix\"><\/div><\/div><\/div><div class=\"fusion-layout-column fusion_builder_column fusion-builder-column-9 fusion_builder_column_1_5 1_5 fusion-one-fifth\" style=\"--awb-bg-size:cover;width:20%;width:calc(20% - ( ( 4% + 4% + 4% + 4% ) * 0.2 ) );margin-right: 4%;\"><div class=\"fusion-column-wrapper fusion-flex-column-wrapper-legacy\"><div class=\"fusion-text fusion-text-10\"><p style=\"text-align: left;\"><span style=\"color: #ffffff;\">Stockholm<\/span><\/p>\n<\/div><div class=\"fusion-text fusion-text-11\"><p style=\"text-align: left;\"><span style=\"color: #ffffff; font-size: 12pt;\">Hammarby All\u00e9 157<br \/>\n<\/span><span style=\"color: #ffffff; font-size: 12pt;\">SE-12065 Stockholm<br \/>\n<\/span><span style=\"font-size: 12pt;\"><span style=\"color: #ffffff;\">info(a)punda.fi<\/span><\/span><\/p>\n<\/div><div class=\"fusion-sep-clear\"><\/div><div class=\"fusion-separator fusion-full-width-sep\" style=\"margin-left: auto;margin-right: auto;margin-top:10px;margin-bottom:10px;width:100%;\"><\/div><div class=\"fusion-sep-clear\"><\/div><div class=\"fusion-clearfix\"><\/div><\/div><\/div><div class=\"fusion-layout-column fusion_builder_column fusion-builder-column-10 fusion_builder_column_1_5 1_5 fusion-one-fifth\" style=\"--awb-bg-size:cover;width:20%;width:calc(20% - ( ( 4% + 4% + 4% + 4% ) * 0.2 ) );margin-right: 4%;\"><div class=\"fusion-column-wrapper fusion-flex-column-wrapper-legacy\"><div class=\"fusion-text fusion-text-12\"><p style=\"text-align: left;\"><span style=\"color: #ffffff;\">Beijing<\/span><\/p>\n<\/div><div class=\"fusion-text fusion-text-13\"><p style=\"text-align: left;\"><span style=\"color: #ffffff; font-size: 12pt;\">Landgent Bldg 5\/F, Block A<br \/>\n<span style=\"color: #ffffff; font-size: 12pt;\">Landgent Center No.20<br \/>\n<span style=\"color: #ffffff; font-size: 12pt;\">East Middle 3rd Ring Road<br \/>\n<span style=\"color: #ffffff; font-size: 12pt;\">Chaoyang District<br \/>\n<\/span><span style=\"color: #ffffff; font-size: 12pt;\">100020 Beijing<br \/>\n<\/span><span style=\"font-size: 12pt;\"><span style=\"color: #ffffff;\">info(a)punda.fi<\/span><\/span><\/span><\/span><\/span><\/p>\n<\/div><div class=\"fusion-sep-clear\"><\/div><div class=\"fusion-separator fusion-full-width-sep\" style=\"margin-left: auto;margin-right: auto;margin-top:10px;margin-bottom:10px;width:100%;\"><\/div><div class=\"fusion-sep-clear\"><\/div><div class=\"fusion-clearfix\"><\/div><\/div><\/div><div class=\"fusion-layout-column fusion_builder_column fusion-builder-column-11 fusion_builder_column_1_5 1_5 fusion-one-fifth fusion-column-last\" style=\"--awb-bg-size:cover;width:20%;width:calc(20% - ( ( 4% + 4% + 4% + 4% ) * 0.2 ) );\"><div class=\"fusion-column-wrapper fusion-flex-column-wrapper-legacy\"><div class=\"fusion-text fusion-text-14\"><p style=\"text-align: left;\"><span style=\"color: #ffffff;\">Shanghai<\/span><\/p>\n<\/div><div class=\"fusion-text fusion-text-15\"><p style=\"text-align: left;\"><span style=\"color: #ffffff; font-size: 12pt;\">15\/F, Plaza 66, No.1266<br \/>\n<span style=\"color: #ffffff; font-size: 12pt;\">West Nanjing Road<br \/>\n<span style=\"color: #ffffff; font-size: 12pt;\">JiangAn District<br \/>\n<\/span><span style=\"color: #ffffff; font-size: 12pt;\">200040 Shanghai<br \/>\n<\/span><span style=\"font-size: 12pt;\"><span style=\"color: #ffffff;\">info(a)punda.fi<\/span><\/p>\n<\/div><div class=\"fusion-sep-clear\"><\/div><div class=\"fusion-separator fusion-full-width-sep\" style=\"margin-left: auto;margin-right: auto;margin-top:10px;margin-bottom:10px;width:100%;\"><\/div><div class=\"fusion-sep-clear\"><\/div><div class=\"fusion-clearfix\"><\/div><\/div><\/div><\/div><\/div><\/p>\n","protected":false},"excerpt":{"rendered":"","protected":false},"author":1,"featured_media":0,"parent":0,"menu_order":0,"comment_status":"closed","ping_status":"closed","template":"100-width.php","meta":{"_bbp_topic_count":0,"_bbp_reply_count":0,"_bbp_total_topic_count":0,"_bbp_total_reply_count":0,"_bbp_voice_count":0,"_bbp_anonymous_reply_count":0,"_bbp_topic_count_hidden":0,"_bbp_reply_count_hidden":0,"_bbp_forum_subforum_count":0,"_monsterinsights_skip_tracking":false,"_monsterinsights_sitenote_active":false,"_monsterinsights_sitenote_note":"","_monsterinsights_sitenote_category":0,"footnotes":""},"class_list":["post-2804","page","type-page","status-publish","hentry"],"yoast_head":"<!-- This site is optimized with the Yoast SEO plugin v21.8.1 - https:\/\/yoast.com\/wordpress\/plugins\/seo\/ -->\n<title>Ev\u00e4steet - Punda<\/title>\n<meta name=\"robots\" content=\"index, follow, max-snippet:-1, max-image-preview:large, max-video-preview:-1\" \/>\n<link rel=\"canonical\" href=\"https:\/\/www.punda.fi\/fi\/evasteet\/\" \/>\n<meta property=\"og:locale\" content=\"fi_FI\" \/>\n<meta property=\"og:type\" content=\"article\" \/>\n<meta property=\"og:title\" content=\"Ev\u00e4steet - Punda\" \/>\n<meta property=\"og:url\" content=\"https:\/\/www.punda.fi\/fi\/evasteet\/\" \/>\n<meta property=\"og:site_name\" content=\"Punda\" \/>\n<meta property=\"article:modified_time\" content=\"2019-03-12T15:26:26+00:00\" \/>\n<meta name=\"twitter:card\" content=\"summary_large_image\" \/>\n<meta name=\"twitter:label1\" content=\"Arvioitu lukuaika\" \/>\n\t<meta name=\"twitter:data1\" content=\"13 minuuttia\" \/>\n<script type=\"application\/ld+json\" class=\"yoast-schema-graph\">{\"@context\":\"https:\/\/schema.org\",\"@graph\":[{\"@type\":\"WebPage\",\"@id\":\"https:\/\/www.punda.fi\/fi\/evasteet\/\",\"url\":\"https:\/\/www.punda.fi\/fi\/evasteet\/\",\"name\":\"Ev\u00e4steet - Punda\",\"isPartOf\":{\"@id\":\"https:\/\/www.punda.fi\/#website\"},\"datePublished\":\"2018-04-19T09:56:30+00:00\",\"dateModified\":\"2019-03-12T15:26:26+00:00\",\"breadcrumb\":{\"@id\":\"https:\/\/www.punda.fi\/fi\/evasteet\/#breadcrumb\"},\"inLanguage\":\"fi\",\"potentialAction\":[{\"@type\":\"ReadAction\",\"target\":[\"https:\/\/www.punda.fi\/fi\/evasteet\/\"]}]},{\"@type\":\"BreadcrumbList\",\"@id\":\"https:\/\/www.punda.fi\/fi\/evasteet\/#breadcrumb\",\"itemListElement\":[{\"@type\":\"ListItem\",\"position\":1,\"name\":\"Home\",\"item\":\"https:\/\/www.punda.fi\/fi\/\"},{\"@type\":\"ListItem\",\"position\":2,\"name\":\"Ev\u00e4steet\"}]},{\"@type\":\"WebSite\",\"@id\":\"https:\/\/www.punda.fi\/#website\",\"url\":\"https:\/\/www.punda.fi\/\",\"name\":\"Punda\",\"description\":\"Punda Global &ndash; We bring the world next to you\",\"potentialAction\":[{\"@type\":\"SearchAction\",\"target\":{\"@type\":\"EntryPoint\",\"urlTemplate\":\"https:\/\/www.punda.fi\/?s={search_term_string}\"},\"query-input\":\"required name=search_term_string\"}],\"inLanguage\":\"fi\"}]}<\/script>\n<!-- \/ Yoast SEO plugin. -->","yoast_head_json":{"title":"Ev\u00e4steet - Punda","robots":{"index":"index","follow":"follow","max-snippet":"max-snippet:-1","max-image-preview":"max-image-preview:large","max-video-preview":"max-video-preview:-1"},"canonical":"https:\/\/www.punda.fi\/fi\/evasteet\/","og_locale":"fi_FI","og_type":"article","og_title":"Ev\u00e4steet - Punda","og_url":"https:\/\/www.punda.fi\/fi\/evasteet\/","og_site_name":"Punda","article_modified_time":"2019-03-12T15:26:26+00:00","twitter_card":"summary_large_image","twitter_misc":{"Arvioitu lukuaika":"13 minuuttia"},"schema":{"@context":"https:\/\/schema.org","@graph":[{"@type":"WebPage","@id":"https:\/\/www.punda.fi\/fi\/evasteet\/","url":"https:\/\/www.punda.fi\/fi\/evasteet\/","name":"Ev\u00e4steet - Punda","isPartOf":{"@id":"https:\/\/www.punda.fi\/#website"},"datePublished":"2018-04-19T09:56:30+00:00","dateModified":"2019-03-12T15:26:26+00:00","breadcrumb":{"@id":"https:\/\/www.punda.fi\/fi\/evasteet\/#breadcrumb"},"inLanguage":"fi","potentialAction":[{"@type":"ReadAction","target":["https:\/\/www.punda.fi\/fi\/evasteet\/"]}]},{"@type":"BreadcrumbList","@id":"https:\/\/www.punda.fi\/fi\/evasteet\/#breadcrumb","itemListElement":[{"@type":"ListItem","position":1,"name":"Home","item":"https:\/\/www.punda.fi\/fi\/"},{"@type":"ListItem","position":2,"name":"Ev\u00e4steet"}]},{"@type":"WebSite","@id":"https:\/\/www.punda.fi\/#website","url":"https:\/\/www.punda.fi\/","name":"Punda","description":"Punda Global &ndash; We bring the world next to you","potentialAction":[{"@type":"SearchAction","target":{"@type":"EntryPoint","urlTemplate":"https:\/\/www.punda.fi\/?s={search_term_string}"},"query-input":"required name=search_term_string"}],"inLanguage":"fi"}]}},"_links":{"self":[{"href":"https:\/\/www.punda.fi\/fi\/wp-json\/wp\/v2\/pages\/2804","targetHints":{"allow":["GET"]}}],"collection":[{"href":"https:\/\/www.punda.fi\/fi\/wp-json\/wp\/v2\/pages"}],"about":[{"href":"https:\/\/www.punda.fi\/fi\/wp-json\/wp\/v2\/types\/page"}],"author":[{"embeddable":true,"href":"https:\/\/www.punda.fi\/fi\/wp-json\/wp\/v2\/users\/1"}],"replies":[{"embeddable":true,"href":"https:\/\/www.punda.fi\/fi\/wp-json\/wp\/v2\/comments?post=2804"}],"version-history":[{"count":9,"href":"https:\/\/www.punda.fi\/fi\/wp-json\/wp\/v2\/pages\/2804\/revisions"}],"predecessor-version":[{"id":3868,"href":"https:\/\/www.punda.fi\/fi\/wp-json\/wp\/v2\/pages\/2804\/revisions\/3868"}],"wp:attachment":[{"href":"https:\/\/www.punda.fi\/fi\/wp-json\/wp\/v2\/media?parent=2804"}],"curies":[{"name":"wp","href":"https:\/\/api.w.org\/{rel}","templated":true}]}}